{"id":1353,"date":"2025-02-19T15:37:06","date_gmt":"2025-02-19T15:37:06","guid":{"rendered":"https:\/\/pikkerton.ch\/brandvermeidung\/heustocksonde-haystack-4-nb\/"},"modified":"2025-06-12T12:32:01","modified_gmt":"2025-06-12T12:32:01","slug":"sonde-pour-meules-de-foin-haystack-4-nb","status":"publish","type":"page","link":"https:\/\/pikkerton.ch\/fr\/prevention-des-incendies\/sonde-pour-meules-de-foin-haystack-4-nb\/","title":{"rendered":"Sonde pour meules de foin \u00ab\u00a0Haystack 4 NB\u00a0\u00bb"},"content":{"rendered":"\n<section class=\"wp-block-group alignfull is-layout-constrained wp-block-group-is-layout-constrained\">\n<div class=\"wp-block-group header-headline is-layout-constrained wp-block-group-is-layout-constrained\">\n<h1 class=\"wp-block-heading slide-in-up\">Sonde pour meules de foin \u00ab Haystack 4 NB \u00bb<\/h1>\n<\/div>\n<\/section>\n\n\n\n<section class=\"wp-block-group alignfull is-layout-constrained wp-block-group-is-layout-constrained\">\n<div class=\"wp-block-group alignwide is-layout-constrained wp-block-group-is-layout-constrained\">\n<div class=\"wp-block-media-text alignfull has-media-on-the-right is-stacked-on-mobile\"><div class=\"wp-block-media-text__content\">\n<h2 class=\"wp-block-heading has-text-align-left slide-in-left\">Produire un foin d&rsquo;excellente qualit\u00e9, \u00e9conomiser de l&rsquo;\u00e9nergie et \u00e9viter les incendies<\/h2>\n\n\n\n<p class=\"slide-in-left\">Le \u00ab Haystack 4 NB \u00bb (pat. pend.) mesure simultan\u00e9ment la temp\u00e9rature, l&rsquo;humidit\u00e9 relative (rH), l&rsquo;humidit\u00e9 absolue (aH) et le point de ros\u00e9e (DP) et te fournit les donn\u00e9es en temps r\u00e9el sur ton smartphone. O\u00f9 que tu sois, tu as toujours le contr\u00f4le des param\u00e8tres de ton stock de foin. Le syst\u00e8me de mesure sophistiqu\u00e9 \u00e9conomise activement l&rsquo;\u00e9nergie en comparant les taux d&rsquo;humidit\u00e9 dans le tas de foin et avant la ventilation du foin et en les contr\u00f4lant directement.<\/p>\n\n\n\n<p><strong><strong>\u00ab Haystack 4 NB \u00bb est la seule sonde pour foin au monde qui, gr\u00e2ce \u00e0 une ventilation circulaire brevet\u00e9e (brevet en instance), \u00e9vite la condensation et peut ainsi mesurer efficacement l&rsquo;humidit\u00e9 relative (HR) et l&rsquo;humidit\u00e9 absolue (AH), quelle que soit la nature du foin (tiges, gramin\u00e9es).<\/strong><\/strong><\/p>\n<\/div><figure class=\"wp-block-media-text__media\"><img loading=\"lazy\" decoding=\"async\" width=\"676\" height=\"676\" src=\"https:\/\/pikkerton.ch\/wp-content\/uploads\/2025\/02\/pikkerton_heustock_messsonde.webp\" alt=\"L'agriculteur mesure la temp\u00e9rature des bottes de foin et v\u00e9rifie les donn\u00e9es sur le tableau de bord.\" class=\"wp-image-736 size-full\" srcset=\"https:\/\/pikkerton.ch\/wp-content\/uploads\/2025\/02\/pikkerton_heustock_messsonde.webp 676w, https:\/\/pikkerton.ch\/wp-content\/uploads\/2025\/02\/pikkerton_heustock_messsonde-300x300.webp 300w, https:\/\/pikkerton.ch\/wp-content\/uploads\/2025\/02\/pikkerton_heustock_messsonde-150x150.webp 150w\" sizes=\"auto, (max-width: 676px) 100vw, 676px\" \/><\/figure><\/div>\n<\/div>\n<\/section>\n\n\n\n<section class=\"wp-block-group alignfull card is-layout-constrained wp-block-group-is-layout-constrained\">\n<div class=\"wp-block-columns is-style-card-big is-layout-flex wp-container-core-columns-is-layout-9d6595d7 wp-block-columns-is-layout-flex is-style-card-big--1\">\n<div class=\"wp-block-column is-style-default slide-in-up is-layout-flow wp-block-column-is-layout-flow\">\n<p class=\"has-text-align-center\">Vous souhaitez \u00e9galement produire un foin de qualit\u00e9 optimale, \u00e9conomiser de l&rsquo;\u00e9nergie et \u00e9viter les incendies ?<br>Contactez-nous.<\/p>\n\n\n\n<div class=\"wp-block-buttons is-layout-flex wp-block-buttons-is-layout-flex\">\n<div class=\"wp-block-button\"><a class=\"wp-block-button__link wp-element-button\" href=\"tel:\u200b+41416624917\">\u200b+41 41 662 49 17<\/a><\/div>\n\n\n\n<div class=\"wp-block-button\"><a class=\"wp-block-button__link wp-element-button\" href=\"mailtoinfo@pikkerton.ch\">info@pikkerton.ch<\/a><\/div>\n<\/div>\n<\/div>\n<\/div>\n<\/section>\n\n\n\n<section class=\"wp-block-group alignfull is-layout-constrained wp-block-group-is-layout-constrained\">\n<div class=\"wp-block-group alignwide is-layout-constrained wp-block-group-is-layout-constrained\">\n<div class=\"wp-block-media-text alignfull is-stacked-on-mobile is-style-default\"><figure class=\"wp-block-media-text__media\"><img loading=\"lazy\" decoding=\"async\" width=\"676\" height=\"676\" src=\"https:\/\/pikkerton.ch\/wp-content\/uploads\/2025\/04\/pikkerton_heusonde_haystack_4NB_sensor.webp\" alt=\"Ventilation circulaire brevet\u00e9e de la sonde \u00e0 foin Haystack 4 NB (pat. pending)\" class=\"wp-image-1366 size-full\" srcset=\"https:\/\/pikkerton.ch\/wp-content\/uploads\/2025\/04\/pikkerton_heusonde_haystack_4NB_sensor.webp 676w, https:\/\/pikkerton.ch\/wp-content\/uploads\/2025\/04\/pikkerton_heusonde_haystack_4NB_sensor-300x300.webp 300w, https:\/\/pikkerton.ch\/wp-content\/uploads\/2025\/04\/pikkerton_heusonde_haystack_4NB_sensor-150x150.webp 150w\" sizes=\"auto, (max-width: 676px) 100vw, 676px\" \/><\/figure><div class=\"wp-block-media-text__content\">\n<h2 class=\"wp-block-heading slide-in-right\">Les avantages uniques du \u00ab Haystack 4 NB \u00bb<\/h2>\n\n\n\n<ul class=\"wp-block-list\">\n<li>Premi\u00e8re sonde \u00e0 foin d\u00e9velopp\u00e9e en Suisse qui mesure simultan\u00e9ment l&rsquo;humidit\u00e9 et la temp\u00e9rature r\u00e9elles<\/li>\n\n\n\n<li>T\u00eate de mesure brevet\u00e9e (pat. pending) avec ventilation circulaire pour emp\u00eacher la condensation et garantir des mesures efficaces<\/li>\n\n\n\n<li>\u00c9valuation de la temp\u00e9rature, de l&rsquo;humidit\u00e9 relative\/absolue et du point de ros\u00e9e<\/li>\n\n\n\n<li>Utilisation jusqu&rsquo;\u00e0 une profondeur de 4 m\u00e8tres dans la pile de foin<\/li>\n\n\n\n<li>Transmission sans fil des donn\u00e9es gr\u00e2ce \u00e0 la technologie NB-IoT moderne ou \u00e0 une interface 4-20 mA<\/li>\n\n\n\n<li>Alarme sur smartphone par SMS, appel ou WhatsApp<\/li>\n\n\n\n<li>Extensible \u00e0 volont\u00e9 (temp\u00e9rature, humidit\u00e9, pression, etc.) pour contr\u00f4ler la ventilation du stock de foin \u2013 permet d&rsquo;\u00e9conomiser jusqu&rsquo;\u00e0 30 % d&rsquo;\u00e9nergie<\/li>\n\n\n\n<li>Le capteur d&rsquo;humidit\u00e9 et de temp\u00e9rature peut \u00eatre utilis\u00e9 \u00e0 d&rsquo;autres fins en dehors de la saison des foins<\/li>\n\n\n\n<li>Test\u00e9 avec succ\u00e8s dans divers environnements d&rsquo;essai<\/li>\n\n\n\n<li>Reconnu par les assurances immobili\u00e8res<\/li>\n<\/ul>\n<\/div><\/div>\n<\/div>\n<\/section>\n\n\n\n<section class=\"wp-block-group alignfull is-layout-constrained wp-block-group-is-layout-constrained\">\n<div class=\"wp-block-group alignwide is-layout-constrained wp-block-group-is-layout-constrained\">\n<h2 class=\"wp-block-heading slide-in-right\">Bernhard L\u00f6tscher, agriculteur bio de l&rsquo;Entlebuch, est enthousiasm\u00e9 par la sonde \u00e0 foin<\/h2>\n\n\n\n<figure class=\"wp-block-embed alignwide is-type-video is-provider-vimeo wp-block-embed-vimeo wp-embed-aspect-16-9 wp-has-aspect-ratio\"><div class=\"wp-block-embed__wrapper\">\n<iframe loading=\"lazy\" src=\"https:\/\/player.vimeo.com\/video\/1092753099?dnt=1&amp;app_id=122963\" width=\"500\" height=\"281\" frameborder=\"0\" allow=\"autoplay; fullscreen; picture-in-picture; clipboard-write; encrypted-media; web-share\"><\/iframe>\n<\/div><\/figure>\n<\/div>\n<\/section>\n","protected":false},"excerpt":{"rendered":"<p>Sonde pour meules de foin \u00ab Haystack 4 NB \u00bb Produire un foin d&rsquo;excellente qualit\u00e9, \u00e9conomiser de l&rsquo;\u00e9nergie et \u00e9viter les incendies Le \u00ab Haystack 4 NB \u00bb (pat. pend.) mesure simultan\u00e9ment la temp\u00e9rature, l&rsquo;humidit\u00e9 relative (rH), l&rsquo;humidit\u00e9 absolue (aH) et le point de ros\u00e9e (DP) et te fournit les donn\u00e9es en temps r\u00e9el sur [&hellip;]<\/p>\n","protected":false},"author":1,"featured_media":0,"parent":1352,"menu_order":9,"comment_status":"closed","ping_status":"closed","template":"","meta":{"_acf_changed":false,"footnotes":""},"class_list":["post-1353","page","type-page","status-publish","hentry"],"acf":{"seo-indexing-option":true,"seo-og-title":"Sonde \u00abHaystack 4 NB\u00bb f\u00fcr Temperatur und Feuchtigkei","seo-meta-description":"La sonde mesure la temp\u00e9rature et l'humidit\u00e9 et transmet les donn\u00e9es en temps r\u00e9el \u00e0 ton smartphone. Tu gardes ainsi toujours le contr\u00f4le sur ton stock de foin.","seo-og-image":""},"_links":{"self":[{"href":"https:\/\/pikkerton.ch\/fr\/wp-json\/wp\/v2\/pages\/1353","targetHints":{"allow":["GET"]}}],"collection":[{"href":"https:\/\/pikkerton.ch\/fr\/wp-json\/wp\/v2\/pages"}],"about":[{"href":"https:\/\/pikkerton.ch\/fr\/wp-json\/wp\/v2\/types\/page"}],"author":[{"embeddable":true,"href":"https:\/\/pikkerton.ch\/fr\/wp-json\/wp\/v2\/users\/1"}],"replies":[{"embeddable":true,"href":"https:\/\/pikkerton.ch\/fr\/wp-json\/wp\/v2\/comments?post=1353"}],"version-history":[{"count":14,"href":"https:\/\/pikkerton.ch\/fr\/wp-json\/wp\/v2\/pages\/1353\/revisions"}],"predecessor-version":[{"id":1618,"href":"https:\/\/pikkerton.ch\/fr\/wp-json\/wp\/v2\/pages\/1353\/revisions\/1618"}],"up":[{"embeddable":true,"href":"https:\/\/pikkerton.ch\/fr\/wp-json\/wp\/v2\/pages\/1352"}],"wp:attachment":[{"href":"https:\/\/pikkerton.ch\/fr\/wp-json\/wp\/v2\/media?parent=1353"}],"curies":[{"name":"wp","href":"https:\/\/api.w.org\/{rel}","templated":true}]}}